{"id":803,"date":"2025-03-12T16:52:57","date_gmt":"2025-03-12T22:52:57","guid":{"rendered":"https:\/\/raizayuuk.com\/?page_id=803"},"modified":"2025-03-12T16:55:29","modified_gmt":"2025-03-12T22:55:29","slug":"contact","status":"publish","type":"page","link":"https:\/\/raizayuuk.com\/es\/contact\/","title":{"rendered":"Contacto"},"content":{"rendered":"<div class=\"wp-block-group alignfull has-global-padding is-content-justification-center is-layout-constrained wp-block-group-is-layout-constrained\" style=\"margin-top:0;margin-bottom:0;padding-top:var(--wp--preset--spacing--50);padding-bottom:var(--wp--preset--spacing--50)\">\n<div class=\"wp-block-columns alignwide is-layout-flex wp-container-core-columns-is-layout-f56f613f wp-block-columns-is-layout-flex\">\n<div class=\"wp-block-column is-vertically-aligned-center is-layout-flow wp-block-column-is-layout-flow\">\n<h2 class=\"wp-block-heading has-x-large-font-size\"><mark style=\"background-color:rgba(0, 0, 0, 0)\" class=\"has-inline-color has-custom-color-1-color\">Cont\u00e1ctanos<\/mark><\/h2>\n\n\n\n<p class=\"is-contact-description wp-block-paragraph\"><mark style=\"background-color:rgba(0, 0, 0, 0)\" class=\"has-inline-color has-custom-color-2-color\">Cont\u00e1ctanos para obtener informaci\u00f3n o realizar solicitudes especiales por correo electr\u00f3nico, WhatsApp o mediante el formulario a continuaci\u00f3n. Responderemos en 24 horas.<\/mark><\/p>\n\n\n\n<p class=\"wp-block-paragraph\"><mark style=\"background-color:rgba(0, 0, 0, 0)\" class=\"has-inline-color has-custom-color-2-color\">Para realizar reservas, consulta nuestra p\u00e1gina de reservas.<\/mark><\/p>\n\n\n\n<div class=\"wp-block-buttons is-layout-flex wp-block-buttons-is-layout-flex\">\n<div class=\"wp-block-button\"><a class=\"wp-block-button__link wp-element-button\" href=\"\/es\/booking\/#groupjourneys\">Reservar ahora<\/a><\/div>\n<\/div>\n\n\n\n<div style=\"height:calc( 0.25 * var(--wp--style--root--padding-right, var(--wp--custom--gap--horizontal)))\" aria-hidden=\"true\" class=\"wp-block-spacer\"><\/div>\n\n\n<div class=\"wp-block-jetpack-contact-form is-style-default wp-elements-3d4e208fb36165b4baab9b2b49ec1f83\"><a href=\"https:\/\/raizayuuk.com\/es\/contact\/\" target=\"_blank\" rel=\"noopener noreferrer\">Env\u00eda un formulario.<\/a><\/div><\/div>\n\n\n\n<div class=\"wp-block-column is-layout-flow wp-block-column-is-layout-flow\">\n<figure class=\"wp-block-image size-full has-custom-border is-style-rounded\"><img data-recalc-dims=\"1\" loading=\"lazy\" decoding=\"async\" width=\"1200\" height=\"1600\" data-attachment-id=\"805\" data-permalink=\"https:\/\/raizayuuk.com\/es\/contact\/afbeelding-van-whatsapp-op-2024-04-27-om-10-11-32_c1e0c51a\/\" data-orig-file=\"https:\/\/i0.wp.com\/raizayuuk.com\/wp-content\/uploads\/2025\/03\/Afbeelding-van-WhatsApp-op-2024-04-27-om-10.11.32_c1e0c51a.jpg?fit=1200%2C1600&amp;ssl=1\" data-orig-size=\"1200,1600\" data-comments-opened=\"1\" data-image-meta=\"{&quot;aperture&quot;:&quot;0&quot;,&quot;credit&quot;:&quot;&quot;,&quot;camera&quot;:&quot;&quot;,&quot;caption&quot;:&quot;&quot;,&quot;created_timestamp&quot;:&quot;0&quot;,&quot;copyright&quot;:&quot;&quot;,&quot;focal_length&quot;:&quot;0&quot;,&quot;iso&quot;:&quot;0&quot;,&quot;shutter_speed&quot;:&quot;0&quot;,&quot;title&quot;:&quot;&quot;,&quot;orientation&quot;:&quot;0&quot;}\" data-image-title=\"Afbeelding van WhatsApp op 2024-04-27 om 10.11.32_c1e0c51a\" data-image-description=\"\" data-image-caption=\"\" data-medium-file=\"https:\/\/i0.wp.com\/raizayuuk.com\/wp-content\/uploads\/2025\/03\/Afbeelding-van-WhatsApp-op-2024-04-27-om-10.11.32_c1e0c51a.jpg?fit=225%2C300&amp;ssl=1\" data-large-file=\"https:\/\/i0.wp.com\/raizayuuk.com\/wp-content\/uploads\/2025\/03\/Afbeelding-van-WhatsApp-op-2024-04-27-om-10.11.32_c1e0c51a.jpg?fit=768%2C1024&amp;ssl=1\" src=\"https:\/\/i0.wp.com\/raizayuuk.com\/wp-content\/uploads\/2025\/03\/Afbeelding-van-WhatsApp-op-2024-04-27-om-10.11.32_c1e0c51a.jpg?resize=1200%2C1600&#038;ssl=1\" alt=\"\" class=\"wp-image-805\" style=\"border-radius:16px;aspect-ratio:3\/4;object-fit:cover\" srcset=\"https:\/\/i0.wp.com\/raizayuuk.com\/wp-content\/uploads\/2025\/03\/Afbeelding-van-WhatsApp-op-2024-04-27-om-10.11.32_c1e0c51a.jpg?w=1200&amp;ssl=1 1200w, https:\/\/i0.wp.com\/raizayuuk.com\/wp-content\/uploads\/2025\/03\/Afbeelding-van-WhatsApp-op-2024-04-27-om-10.11.32_c1e0c51a.jpg?resize=225%2C300&amp;ssl=1 225w, https:\/\/i0.wp.com\/raizayuuk.com\/wp-content\/uploads\/2025\/03\/Afbeelding-van-WhatsApp-op-2024-04-27-om-10.11.32_c1e0c51a.jpg?resize=768%2C1024&amp;ssl=1 768w, https:\/\/i0.wp.com\/raizayuuk.com\/wp-content\/uploads\/2025\/03\/Afbeelding-van-WhatsApp-op-2024-04-27-om-10.11.32_c1e0c51a.jpg?resize=1152%2C1536&amp;ssl=1 1152w, https:\/\/i0.wp.com\/raizayuuk.com\/wp-content\/uploads\/2025\/03\/Afbeelding-van-WhatsApp-op-2024-04-27-om-10.11.32_c1e0c51a.jpg?resize=9%2C12&amp;ssl=1 9w, https:\/\/i0.wp.com\/raizayuuk.com\/wp-content\/uploads\/2025\/03\/Afbeelding-van-WhatsApp-op-2024-04-27-om-10.11.32_c1e0c51a.jpg?resize=900%2C1200&amp;ssl=1 900w, https:\/\/i0.wp.com\/raizayuuk.com\/wp-content\/uploads\/2025\/03\/Afbeelding-van-WhatsApp-op-2024-04-27-om-10.11.32_c1e0c51a.jpg?resize=600%2C800&amp;ssl=1 600w, https:\/\/i0.wp.com\/raizayuuk.com\/wp-content\/uploads\/2025\/03\/Afbeelding-van-WhatsApp-op-2024-04-27-om-10.11.32_c1e0c51a.jpg?resize=450%2C600&amp;ssl=1 450w, https:\/\/i0.wp.com\/raizayuuk.com\/wp-content\/uploads\/2025\/03\/Afbeelding-van-WhatsApp-op-2024-04-27-om-10.11.32_c1e0c51a.jpg?resize=300%2C400&amp;ssl=1 300w, https:\/\/i0.wp.com\/raizayuuk.com\/wp-content\/uploads\/2025\/03\/Afbeelding-van-WhatsApp-op-2024-04-27-om-10.11.32_c1e0c51a.jpg?resize=150%2C200&amp;ssl=1 150w\" sizes=\"auto, (max-width: 1000px) 100vw, 1000px\" \/><\/figure>\n\n\n\n<div style=\"height:383px\" aria-hidden=\"true\" class=\"wp-block-spacer\"><\/div>\n<\/div>\n<\/div>\n<\/div>","protected":false},"excerpt":{"rendered":"<p>contact us Get in touch with us for information or special requests via email, WhatsApp, or through the form below. We aim to respond within 24 hours. For bookings, take [&hellip;]<\/p>\n","protected":false},"author":251118821,"featured_media":0,"parent":0,"menu_order":0,"comment_status":"closed","ping_status":"closed","template":"","meta":{"_crdt_document":"","advanced_seo_description":"For information about ethical and sustainable tours in the Sierra Mixe of Oaxaca, send us a message.","jetpack_seo_html_title":"Contact us","jetpack_seo_noindex":false,"_price":"","_stock":"","_tribe_ticket_header":"","_tribe_default_ticket_provider":"","_tribe_ticket_capacity":"0","_ticket_start_date":"","_ticket_end_date":"","_tribe_ticket_show_description":"","_tribe_ticket_show_not_going":false,"_tribe_ticket_use_global_stock":"","_tribe_ticket_global_stock_level":"","_global_stock_mode":"","_global_stock_cap":"","_tribe_rsvp_for_event":"","_tribe_ticket_going_count":"","_tribe_ticket_not_going_count":"","_tribe_tickets_list":"[]","_tribe_ticket_has_attendee_info_fields":false,"_EventAllDay":false,"_EventTimezone":"","_EventStartDate":"","_EventEndDate":"","_EventStartDateUTC":"","_EventEndDateUTC":"","_EventShowMap":false,"_EventShowMapLink":false,"_EventURL":"","_EventCost":"","_EventCostDescription":"","_EventCurrencySymbol":"","_EventCurrencyCode":"","_EventCurrencyPosition":"","_EventDateTimeSeparator":"","_EventTimeRangeSeparator":"","_EventOrganizerID":[],"_EventVenueID":[],"_OrganizerEmail":"","_OrganizerPhone":"","_OrganizerWebsite":"","_VenueAddress":"","_VenueCity":"","_VenueCountry":"","_VenueProvince":"","_VenueState":"","_VenueZip":"","_VenuePhone":"","_VenueURL":"","_VenueStateProvince":"","_VenueLat":"","_VenueLng":"","_VenueShowMap":false,"_VenueShowMapLink":false,"footnotes":"","_tec_slr_enabled":"","_tec_slr_layout":""},"class_list":["post-803","page","type-page","status-publish","hentry"],"jetpack_likes_enabled":true,"jetpack_sharing_enabled":true,"jetpack-related-posts":[],"jetpack_shortlink":"https:\/\/wp.me\/PfNg6x-cX","ticketed":false,"_links":{"self":[{"href":"https:\/\/raizayuuk.com\/es\/wp-json\/wp\/v2\/pages\/803","targetHints":{"allow":["GET"]}}],"collection":[{"href":"https:\/\/raizayuuk.com\/es\/wp-json\/wp\/v2\/pages"}],"about":[{"href":"https:\/\/raizayuuk.com\/es\/wp-json\/wp\/v2\/types\/page"}],"author":[{"embeddable":true,"href":"https:\/\/raizayuuk.com\/es\/wp-json\/wp\/v2\/users\/251118821"}],"replies":[{"embeddable":true,"href":"https:\/\/raizayuuk.com\/es\/wp-json\/wp\/v2\/comments?post=803"}],"version-history":[{"count":6,"href":"https:\/\/raizayuuk.com\/es\/wp-json\/wp\/v2\/pages\/803\/revisions"}],"predecessor-version":[{"id":810,"href":"https:\/\/raizayuuk.com\/es\/wp-json\/wp\/v2\/pages\/803\/revisions\/810"}],"wp:attachment":[{"href":"https:\/\/raizayuuk.com\/es\/wp-json\/wp\/v2\/media?parent=803"}],"curies":[{"name":"wp","href":"https:\/\/api.w.org\/{rel}","templated":true}]}}