{"id":92,"date":"2024-09-13T13:09:27","date_gmt":"2024-09-13T19:09:27","guid":{"rendered":"https:\/\/raizayuuk.com\/?page_id=92"},"modified":"2025-04-24T22:41:07","modified_gmt":"2025-04-25T04:41:07","slug":"about_us","status":"publish","type":"page","link":"https:\/\/raizayuuk.com\/es\/about_us\/","title":{"rendered":"About Us"},"content":{"rendered":"<div class=\"wp-block-group alignfull has-global-padding is-content-justification-center is-layout-constrained wp-container-core-group-is-layout-7702c84b wp-block-group-is-layout-constrained\" style=\"margin-top:0;margin-bottom:0;padding-top:calc( 0.5 * var(--wp--style--root--padding-right, var(--wp--custom--gap--horizontal)));padding-right:var(--wp--style--root--padding-right, var(--wp--custom--gap--horizontal));padding-bottom:calc( 0.5 * var(--wp--style--root--padding-right, var(--wp--custom--gap--horizontal)));padding-left:var(--wp--style--root--padding-left, var(--wp--custom--gap--horizontal))\">\n<div style=\"height:var(--wp--preset--spacing--20)\" aria-hidden=\"true\" class=\"wp-block-spacer\"><\/div>\n\n\n\n<div class=\"wp-block-group has-global-padding is-layout-constrained wp-block-group-is-layout-constrained\">\n<h2 class=\"wp-block-heading has-text-align-center has-xx-large-font-size\"><mark style=\"background-color:rgba(0, 0, 0, 0)\" class=\"has-inline-color has-custom-color-1-color\">Acerca de nosotros<\/mark><\/h2>\n\n\n\n<p class=\"has-text-align-center has-superbfont-medium-font-size wp-block-paragraph\"><mark style=\"background-color:rgba(0, 0, 0, 0)\" class=\"has-inline-color has-custom-color-2-color\">Conoce m\u00e1s sobre nosotros y nuestro equipo.<\/mark><\/p>\n<\/div>\n\n\n\n<div style=\"height:var(--wp--preset--spacing--20)\" aria-hidden=\"true\" class=\"wp-block-spacer\"><\/div>\n\n\n\n<figure class=\"wp-block-image alignwide size-full\"><img data-recalc-dims=\"1\" loading=\"lazy\" decoding=\"async\" width=\"3992\" height=\"2242\" data-attachment-id=\"625\" data-permalink=\"https:\/\/raizayuuk.com\/es\/about_us\/view-of-mountain-village-community-totontepec-2\/\" data-orig-file=\"https:\/\/i0.wp.com\/raizayuuk.com\/wp-content\/uploads\/2025\/02\/view-of-mountain-village-community-Totontepec-1.jpg?fit=3992%2C2242&amp;ssl=1\" data-orig-size=\"3992,2242\" data-comments-opened=\"1\" data-image-meta=\"{&quot;aperture&quot;:&quot;0&quot;,&quot;credit&quot;:&quot;&quot;,&quot;camera&quot;:&quot;&quot;,&quot;caption&quot;:&quot;&quot;,&quot;created_timestamp&quot;:&quot;0&quot;,&quot;copyright&quot;:&quot;&quot;,&quot;focal_length&quot;:&quot;0&quot;,&quot;iso&quot;:&quot;0&quot;,&quot;shutter_speed&quot;:&quot;0&quot;,&quot;title&quot;:&quot;&quot;,&quot;orientation&quot;:&quot;0&quot;}\" data-image-title=\"view of mountain village community Totontepec\" data-image-description=\"\" data-image-caption=\"\" data-medium-file=\"https:\/\/i0.wp.com\/raizayuuk.com\/wp-content\/uploads\/2025\/02\/view-of-mountain-village-community-Totontepec-1.jpg?fit=300%2C168&amp;ssl=1\" data-large-file=\"https:\/\/i0.wp.com\/raizayuuk.com\/wp-content\/uploads\/2025\/02\/view-of-mountain-village-community-Totontepec-1.jpg?fit=1024%2C575&amp;ssl=1\" src=\"https:\/\/i0.wp.com\/raizayuuk.com\/wp-content\/uploads\/2025\/02\/view-of-mountain-village-community-Totontepec-1.jpg?resize=3992%2C2242&#038;ssl=1\" alt=\"A breathtaking mountain view overlooking the fertile green local community of Totontepec in the Sierra Mixe of Oaxaca\" class=\"wp-image-625\" srcset=\"https:\/\/i0.wp.com\/raizayuuk.com\/wp-content\/uploads\/2025\/02\/view-of-mountain-village-community-Totontepec-1.jpg?w=3992&amp;ssl=1 3992w, https:\/\/i0.wp.com\/raizayuuk.com\/wp-content\/uploads\/2025\/02\/view-of-mountain-village-community-Totontepec-1.jpg?resize=300%2C168&amp;ssl=1 300w, https:\/\/i0.wp.com\/raizayuuk.com\/wp-content\/uploads\/2025\/02\/view-of-mountain-village-community-Totontepec-1.jpg?resize=1024%2C575&amp;ssl=1 1024w, https:\/\/i0.wp.com\/raizayuuk.com\/wp-content\/uploads\/2025\/02\/view-of-mountain-village-community-Totontepec-1.jpg?resize=768%2C431&amp;ssl=1 768w, https:\/\/i0.wp.com\/raizayuuk.com\/wp-content\/uploads\/2025\/02\/view-of-mountain-village-community-Totontepec-1.jpg?resize=1536%2C863&amp;ssl=1 1536w, https:\/\/i0.wp.com\/raizayuuk.com\/wp-content\/uploads\/2025\/02\/view-of-mountain-village-community-Totontepec-1.jpg?resize=2048%2C1150&amp;ssl=1 2048w, https:\/\/i0.wp.com\/raizayuuk.com\/wp-content\/uploads\/2025\/02\/view-of-mountain-village-community-Totontepec-1.jpg?resize=18%2C10&amp;ssl=1 18w, https:\/\/i0.wp.com\/raizayuuk.com\/wp-content\/uploads\/2025\/02\/view-of-mountain-village-community-Totontepec-1.jpg?resize=1200%2C674&amp;ssl=1 1200w, https:\/\/i0.wp.com\/raizayuuk.com\/wp-content\/uploads\/2025\/02\/view-of-mountain-village-community-Totontepec-1.jpg?w=3000&amp;ssl=1 3000w\" sizes=\"auto, (max-width: 1000px) 100vw, 1000px\" \/><\/figure>\n<\/div>\n\n\n\n<div class=\"wp-block-group alignfull has-global-padding is-content-justification-center is-layout-constrained wp-container-core-group-is-layout-7702c84b wp-block-group-is-layout-constrained\" style=\"margin-top:0;margin-bottom:0;padding-top:calc( 0.5 * var(--wp--style--root--padding-right, var(--wp--custom--gap--horizontal)));padding-right:var(--wp--style--root--padding-right, var(--wp--custom--gap--horizontal));padding-bottom:calc( 0.5 * var(--wp--style--root--padding-right, var(--wp--custom--gap--horizontal)));padding-left:var(--wp--style--root--padding-left, var(--wp--custom--gap--horizontal))\">\n<div style=\"height:var(--wp--preset--spacing--20)\" aria-hidden=\"true\" class=\"wp-block-spacer\"><\/div>\n\n\n\n<div class=\"wp-block-columns alignwide is-layout-flex wp-container-core-columns-is-layout-b6178c3d wp-block-columns-is-layout-flex\">\n<div class=\"wp-block-column is-layout-flow wp-block-column-is-layout-flow\">\n<h3 class=\"wp-block-heading has-medium-font-size\"><mark style=\"background-color:rgba(0, 0, 0, 0)\" class=\"has-inline-color has-custom-color-1-color\">Nuestra misi\u00f3n<\/mark><\/h3>\n\n\n\n<p class=\"has-superbfont-small-font-size wp-block-paragraph\"><mark style=\"background-color:rgba(0, 0, 0, 0)\" class=\"has-inline-color has-custom-color-2-color\">Ra\u00edz Ayuuk se dedica a la conservaci\u00f3n biocultural y al turismo regenerativo. Creamos experiencias de crecimiento, conexi\u00f3n e intercambio en la Sierra Mixe, trabajando con familias y comunidades para promover la restauraci\u00f3n de ecosistemas y el empoderamiento cultural.<\/mark><\/p>\n<\/div>\n\n\n\n<div class=\"wp-block-column is-layout-flow wp-block-column-is-layout-flow\">\n<h3 class=\"wp-block-heading has-medium-font-size\"><mark style=\"background-color:rgba(0, 0, 0, 0)\" class=\"has-inline-color has-custom-color-1-color\">Nuestra historia<\/mark><\/h3>\n\n\n\n<p class=\"has-superbfont-small-font-size wp-block-paragraph\"><mark style=\"background-color:rgba(0, 0, 0, 0)\" class=\"has-inline-color has-custom-color-2-color\">Nacidos de la Uni\u00f3n Tur\u00edstica Naci\u00f3n Mixe, colaboramos con familias y comunidades desde 2015 para desarrollar infraestructura y servicios tur\u00edsticos responsables que respeten y muestren las caracter\u00edsticas \u00fanicas de la regi\u00f3n Mixe.<\/mark><\/p>\n<\/div>\n\n\n\n<div class=\"wp-block-column is-layout-flow wp-block-column-is-layout-flow\">\n<h3 class=\"wp-block-heading has-medium-font-size\"><mark style=\"background-color:rgba(0, 0, 0, 0)\" class=\"has-inline-color has-custom-color-1-color\">Contexto Cultural y Ambiental<\/mark><\/h3>\n\n\n\n<p class=\"has-superbfont-small-font-size wp-block-paragraph\"><mark style=\"background-color:rgba(0, 0, 0, 0)\" class=\"has-inline-color has-custom-color-2-color\">La Sierra Mixe de Oaxaca es una regi\u00f3n biodiversa con paisajes monta\u00f1osos y bosques de niebla. Hogar del pueblo Ayuuk, es conocida por sus tradiciones ancestrales y su profunda conexi\u00f3n con la tierra. <\/mark><\/p>\n<\/div>\n<\/div>\n\n\n\n<div style=\"height:var(--wp--preset--spacing--20)\" aria-hidden=\"true\" class=\"wp-block-spacer\"><\/div>\n<\/div>\n\n\n\n<div class=\"wp-block-group alignfull has-global-padding is-content-justification-center is-layout-constrained wp-container-core-group-is-layout-7702c84b wp-block-group-is-layout-constrained\" style=\"margin-top:0;margin-bottom:0;padding-top:calc( 0.5 * var(--wp--style--root--padding-right, var(--wp--custom--gap--horizontal)));padding-right:var(--wp--style--root--padding-right, var(--wp--custom--gap--horizontal));padding-bottom:calc( 0.5 * var(--wp--style--root--padding-right, var(--wp--custom--gap--horizontal)));padding-left:var(--wp--style--root--padding-left, var(--wp--custom--gap--horizontal))\">\n<div style=\"height:var(--wp--preset--spacing--10)\" aria-hidden=\"true\" class=\"wp-block-spacer\"><\/div>\n\n\n\n<div class=\"wp-block-columns alignwide is-layout-flex wp-container-core-columns-is-layout-2e24ed75 wp-block-columns-is-layout-flex\">\n<div class=\"wp-block-column is-vertically-aligned-bottom is-layout-flow wp-block-column-is-layout-flow\">\n<figure class=\"wp-block-image size-full\"><img data-recalc-dims=\"1\" loading=\"lazy\" decoding=\"async\" width=\"3072\" height=\"2304\" data-attachment-id=\"131\" data-permalink=\"https:\/\/raizayuuk.com\/es\/about_us\/img_0028\/\" data-orig-file=\"https:\/\/i0.wp.com\/raizayuuk.com\/wp-content\/uploads\/2024\/09\/IMG_0028.jpg?fit=3072%2C2304&amp;ssl=1\" data-orig-size=\"3072,2304\" data-comments-opened=\"1\" data-image-meta=\"{&quot;aperture&quot;:&quot;4.5&quot;,&quot;credit&quot;:&quot;&quot;,&quot;camera&quot;:&quot;Canon PowerShot G1 X&quot;,&quot;caption&quot;:&quot;&quot;,&quot;created_timestamp&quot;:&quot;1722600223&quot;,&quot;copyright&quot;:&quot;&quot;,&quot;focal_length&quot;:&quot;25.893&quot;,&quot;iso&quot;:&quot;500&quot;,&quot;shutter_speed&quot;:&quot;0.0125&quot;,&quot;title&quot;:&quot;&quot;,&quot;orientation&quot;:&quot;1&quot;}\" data-image-title=\"IMG_0028\" data-image-description=\"\" data-image-caption=\"\" data-medium-file=\"https:\/\/i0.wp.com\/raizayuuk.com\/wp-content\/uploads\/2024\/09\/IMG_0028.jpg?fit=300%2C225&amp;ssl=1\" data-large-file=\"https:\/\/i0.wp.com\/raizayuuk.com\/wp-content\/uploads\/2024\/09\/IMG_0028.jpg?fit=1024%2C768&amp;ssl=1\" src=\"https:\/\/i0.wp.com\/raizayuuk.com\/wp-content\/uploads\/2024\/09\/IMG_0028.jpg?resize=3072%2C2304&#038;ssl=1\" alt=\"Young couple and parents Uriel Alcantara and Chala Garcia in Oaxaca dressed in traditional Mixe textile garments\" class=\"wp-image-131\" style=\"aspect-ratio:1;object-fit:cover\" srcset=\"https:\/\/i0.wp.com\/raizayuuk.com\/wp-content\/uploads\/2024\/09\/IMG_0028.jpg?w=3072&amp;ssl=1 3072w, https:\/\/i0.wp.com\/raizayuuk.com\/wp-content\/uploads\/2024\/09\/IMG_0028.jpg?resize=300%2C225&amp;ssl=1 300w, https:\/\/i0.wp.com\/raizayuuk.com\/wp-content\/uploads\/2024\/09\/IMG_0028.jpg?resize=1024%2C768&amp;ssl=1 1024w, https:\/\/i0.wp.com\/raizayuuk.com\/wp-content\/uploads\/2024\/09\/IMG_0028.jpg?resize=768%2C576&amp;ssl=1 768w, https:\/\/i0.wp.com\/raizayuuk.com\/wp-content\/uploads\/2024\/09\/IMG_0028.jpg?resize=1536%2C1152&amp;ssl=1 1536w, https:\/\/i0.wp.com\/raizayuuk.com\/wp-content\/uploads\/2024\/09\/IMG_0028.jpg?resize=2048%2C1536&amp;ssl=1 2048w, https:\/\/i0.wp.com\/raizayuuk.com\/wp-content\/uploads\/2024\/09\/IMG_0028.jpg?resize=1200%2C900&amp;ssl=1 1200w, https:\/\/i0.wp.com\/raizayuuk.com\/wp-content\/uploads\/2024\/09\/IMG_0028.jpg?resize=800%2C600&amp;ssl=1 800w, https:\/\/i0.wp.com\/raizayuuk.com\/wp-content\/uploads\/2024\/09\/IMG_0028.jpg?resize=600%2C450&amp;ssl=1 600w, https:\/\/i0.wp.com\/raizayuuk.com\/wp-content\/uploads\/2024\/09\/IMG_0028.jpg?resize=400%2C300&amp;ssl=1 400w, https:\/\/i0.wp.com\/raizayuuk.com\/wp-content\/uploads\/2024\/09\/IMG_0028.jpg?resize=200%2C150&amp;ssl=1 200w, https:\/\/i0.wp.com\/raizayuuk.com\/wp-content\/uploads\/2024\/09\/IMG_0028.jpg?w=3000&amp;ssl=1 3000w\" sizes=\"auto, (max-width: 1000px) 100vw, 1000px\" \/><\/figure>\n<\/div>\n\n\n\n<div class=\"wp-block-column is-vertically-aligned-center is-layout-flow wp-container-core-column-is-layout-a2e75b23 wp-block-column-is-layout-flow\">\n<h2 class=\"wp-block-heading\"><mark style=\"background-color:rgba(0, 0, 0, 0)\" class=\"has-inline-color has-custom-color-1-color\">El equipo<\/mark><\/h2>\n\n\n\n<p class=\"has-superbfont-small-font-size wp-block-paragraph\"><mark style=\"background-color:rgba(0, 0, 0, 0)\" class=\"has-inline-color has-custom-color-2-color\">Raiz Ayuuk fue fundada por Uriel Alc\u00e1ntara, cuyas ra\u00edces est\u00e1n profundamente conectadas con la Sierra Mixe. Como presidente de la Uni\u00f3n Tur\u00edstica Naci\u00f3n Mixe, se ha centrado en promover el turismo y la conservaci\u00f3n y ha pasado los \u00faltimos a\u00f1os construyendo Raiz Ayuuk, una organizaci\u00f3n tur\u00edstica regenerativa basada en la comunidad. Con el apoyo de su pareja Chala Garc\u00eda, que comparte su sue\u00f1o de preservar la singularidad de la regi\u00f3n, les apasiona proteger la sacralidad de la tierra, su gente y su cultura.<\/mark><\/p>\n<\/div>\n<\/div>\n\n\n\n<div style=\"height:var(--wp--preset--spacing--10)\" aria-hidden=\"true\" class=\"wp-block-spacer\"><\/div>\n<\/div>\n\n\n\n<div class=\"wp-block-group alignfull has-global-padding is-content-justification-center is-layout-constrained wp-container-core-group-is-layout-7702c84b wp-block-group-is-layout-constrained\" style=\"margin-top:0;margin-bottom:0;padding-top:calc( 0.5 * var(--wp--style--root--padding-right, var(--wp--custom--gap--horizontal)));padding-right:var(--wp--style--root--padding-right, var(--wp--custom--gap--horizontal));padding-bottom:calc( 0.5 * var(--wp--style--root--padding-right, var(--wp--custom--gap--horizontal)));padding-left:var(--wp--style--root--padding-left, var(--wp--custom--gap--horizontal))\">\n<div style=\"height:var(--wp--preset--spacing--10)\" aria-hidden=\"true\" class=\"wp-block-spacer\"><\/div>\n\n\n\n<div class=\"wp-block-columns alignwide is-layout-flex wp-container-core-columns-is-layout-2e24ed75 wp-block-columns-is-layout-flex\">\n<div class=\"wp-block-column is-vertically-aligned-center is-layout-flow wp-container-core-column-is-layout-a2e75b23 wp-block-column-is-layout-flow\">\n<h2 class=\"wp-block-heading\"><mark style=\"background-color:rgba(0, 0, 0, 0)\" class=\"has-inline-color has-custom-color-1-color\">Naci\u00f3n Mixe<\/mark><\/h2>\n\n\n\n<p class=\"has-superbfont-small-font-size wp-block-paragraph\"><mark style=\"background-color:rgba(0, 0, 0, 0)\" class=\"has-inline-color has-custom-color-2-color\">Naci\u00f3n Mixe es un proyecto pionero dedicado a promover el turismo responsable en la regi\u00f3n Mixe de Oaxaca. Integrada por familias locales, la iniciativa busca preservar y compartir las tradiciones, paisajes y cultura del pueblo Ayuuk, ofreciendo a los visitantes experiencias aut\u00e9nticas. Al fomentar el turismo sustentable, Naci\u00f3n Mixe apoya el bienestar de la comunidad y la conservaci\u00f3n de su patrimonio natural y cultural. <\/mark><br><br><mark style=\"background-color:rgba(0, 0, 0, 0)\" class=\"has-inline-color has-custom-color-2-color\">Para m\u00e1s detalles, visita su sitio web: <a href=\"http:\/\/www.nacionmixe.com.mx\" data-type=\"link\" data-id=\"www.nacionmixe.com.mx\">Naci\u00f3n Mixe<\/a>.<\/mark><\/p>\n<\/div>\n\n\n\n<div class=\"wp-block-column is-vertically-aligned-bottom is-layout-flow wp-block-column-is-layout-flow\">\n<figure class=\"wp-block-image size-full\"><img data-recalc-dims=\"1\" loading=\"lazy\" decoding=\"async\" width=\"1536\" height=\"2048\" data-attachment-id=\"628\" data-permalink=\"https:\/\/raizayuuk.com\/es\/about_us\/union-turistica-nacion-mixe-group-photo\/\" data-orig-file=\"https:\/\/i0.wp.com\/raizayuuk.com\/wp-content\/uploads\/2025\/02\/Union-Turistica-Nacion-Mixe-group-photo.webp?fit=1536%2C2048&amp;ssl=1\" data-orig-size=\"1536,2048\" data-comments-opened=\"1\" data-image-meta=\"{&quot;aperture&quot;:&quot;0&quot;,&quot;credit&quot;:&quot;&quot;,&quot;camera&quot;:&quot;&quot;,&quot;caption&quot;:&quot;&quot;,&quot;created_timestamp&quot;:&quot;0&quot;,&quot;copyright&quot;:&quot;&quot;,&quot;focal_length&quot;:&quot;0&quot;,&quot;iso&quot;:&quot;0&quot;,&quot;shutter_speed&quot;:&quot;0&quot;,&quot;title&quot;:&quot;&quot;,&quot;orientation&quot;:&quot;0&quot;}\" data-image-title=\"Union Turistica Nacion Mixe group photo\" data-image-description=\"\" data-image-caption=\"\" data-medium-file=\"https:\/\/i0.wp.com\/raizayuuk.com\/wp-content\/uploads\/2025\/02\/Union-Turistica-Nacion-Mixe-group-photo.webp?fit=225%2C300&amp;ssl=1\" data-large-file=\"https:\/\/i0.wp.com\/raizayuuk.com\/wp-content\/uploads\/2025\/02\/Union-Turistica-Nacion-Mixe-group-photo.webp?fit=768%2C1024&amp;ssl=1\" src=\"https:\/\/i0.wp.com\/raizayuuk.com\/wp-content\/uploads\/2025\/02\/Union-Turistica-Nacion-Mixe-group-photo.webp?resize=1536%2C2048&#038;ssl=1\" alt=\"Members of Nacion Mixe, a responsible tourism project in the Mixe region of Oaxaca composed of local families\" class=\"wp-image-628\" style=\"aspect-ratio:1;object-fit:cover\" srcset=\"https:\/\/i0.wp.com\/raizayuuk.com\/wp-content\/uploads\/2025\/02\/Union-Turistica-Nacion-Mixe-group-photo.webp?w=1536&amp;ssl=1 1536w, https:\/\/i0.wp.com\/raizayuuk.com\/wp-content\/uploads\/2025\/02\/Union-Turistica-Nacion-Mixe-group-photo.webp?resize=225%2C300&amp;ssl=1 225w, https:\/\/i0.wp.com\/raizayuuk.com\/wp-content\/uploads\/2025\/02\/Union-Turistica-Nacion-Mixe-group-photo.webp?resize=768%2C1024&amp;ssl=1 768w, https:\/\/i0.wp.com\/raizayuuk.com\/wp-content\/uploads\/2025\/02\/Union-Turistica-Nacion-Mixe-group-photo.webp?resize=1152%2C1536&amp;ssl=1 1152w, https:\/\/i0.wp.com\/raizayuuk.com\/wp-content\/uploads\/2025\/02\/Union-Turistica-Nacion-Mixe-group-photo.webp?resize=9%2C12&amp;ssl=1 9w, https:\/\/i0.wp.com\/raizayuuk.com\/wp-content\/uploads\/2025\/02\/Union-Turistica-Nacion-Mixe-group-photo.webp?resize=900%2C1200&amp;ssl=1 900w, https:\/\/i0.wp.com\/raizayuuk.com\/wp-content\/uploads\/2025\/02\/Union-Turistica-Nacion-Mixe-group-photo.webp?resize=600%2C800&amp;ssl=1 600w, https:\/\/i0.wp.com\/raizayuuk.com\/wp-content\/uploads\/2025\/02\/Union-Turistica-Nacion-Mixe-group-photo.webp?resize=450%2C600&amp;ssl=1 450w, https:\/\/i0.wp.com\/raizayuuk.com\/wp-content\/uploads\/2025\/02\/Union-Turistica-Nacion-Mixe-group-photo.webp?resize=300%2C400&amp;ssl=1 300w, https:\/\/i0.wp.com\/raizayuuk.com\/wp-content\/uploads\/2025\/02\/Union-Turistica-Nacion-Mixe-group-photo.webp?resize=150%2C200&amp;ssl=1 150w, https:\/\/i0.wp.com\/raizayuuk.com\/wp-content\/uploads\/2025\/02\/Union-Turistica-Nacion-Mixe-group-photo.webp?resize=1200%2C1600&amp;ssl=1 1200w\" sizes=\"auto, (max-width: 1000px) 100vw, 1000px\" \/><\/figure>\n<\/div>\n<\/div>\n\n\n\n<div style=\"height:var(--wp--preset--spacing--40)\" aria-hidden=\"true\" class=\"wp-block-spacer\"><\/div>\n<\/div>\n\n\n\n<div class=\"wp-block-group alignfull has-global-padding is-content-justification-center is-layout-constrained wp-container-core-group-is-layout-7702c84b wp-block-group-is-layout-constrained\" style=\"margin-top:0;margin-bottom:0;padding-top:calc( 0.5 * var(--wp--style--root--padding-right, var(--wp--custom--gap--horizontal)));padding-right:var(--wp--style--root--padding-right, var(--wp--custom--gap--horizontal));padding-bottom:calc( 0.5 * var(--wp--style--root--padding-right, var(--wp--custom--gap--horizontal)));padding-left:var(--wp--style--root--padding-left, var(--wp--custom--gap--horizontal))\"><\/div>","protected":false},"excerpt":{"rendered":"<p>About us Learn more about us and our team. Our mission Ra\u00edz Ayuuk is dedicated to biocultural conservation and regenerative tourism. We create experiences of growth, connection, and exchange in [&hellip;]<\/p>\n","protected":false},"author":251118821,"featured_media":0,"parent":0,"menu_order":0,"comment_status":"closed","ping_status":"closed","template":"","meta":{"_crdt_document":"","advanced_seo_description":"Ra\u00edz Ayuuk collaborates with local families to create meaningful travel experiences that honor ancestral traditions, support ecosystem restoration, and promote cultural empowerment.","jetpack_seo_html_title":"About us: Regenerative tourism and cultural experiences in Oaxaca","jetpack_seo_noindex":false,"_price":"","_stock":"","_tribe_ticket_header":"","_tribe_default_ticket_provider":"","_tribe_ticket_capacity":"0","_ticket_start_date":"","_ticket_end_date":"","_tribe_ticket_show_description":"","_tribe_ticket_show_not_going":false,"_tribe_ticket_use_global_stock":"","_tribe_ticket_global_stock_level":"","_global_stock_mode":"","_global_stock_cap":"","_tribe_rsvp_for_event":"","_tribe_ticket_going_count":"","_tribe_ticket_not_going_count":"","_tribe_tickets_list":"[]","_tribe_ticket_has_attendee_info_fields":false,"_EventAllDay":false,"_EventTimezone":"","_EventStartDate":"","_EventEndDate":"","_EventStartDateUTC":"","_EventEndDateUTC":"","_EventShowMap":false,"_EventShowMapLink":false,"_EventURL":"","_EventCost":"","_EventCostDescription":"","_EventCurrencySymbol":"","_EventCurrencyCode":"","_EventCurrencyPosition":"","_EventDateTimeSeparator":"","_EventTimeRangeSeparator":"","_EventOrganizerID":[],"_EventVenueID":[],"_OrganizerEmail":"","_OrganizerPhone":"","_OrganizerWebsite":"","_VenueAddress":"","_VenueCity":"","_VenueCountry":"","_VenueProvince":"","_VenueState":"","_VenueZip":"","_VenuePhone":"","_VenueURL":"","_VenueStateProvince":"","_VenueLat":"","_VenueLng":"","_VenueShowMap":false,"_VenueShowMapLink":false,"footnotes":"","_tec_slr_enabled":"","_tec_slr_layout":""},"class_list":["post-92","page","type-page","status-publish","hentry"],"jetpack_likes_enabled":true,"jetpack_sharing_enabled":true,"jetpack-related-posts":[],"jetpack_shortlink":"https:\/\/wp.me\/PfNg6x-1u","ticketed":false,"_links":{"self":[{"href":"https:\/\/raizayuuk.com\/es\/wp-json\/wp\/v2\/pages\/92","targetHints":{"allow":["GET"]}}],"collection":[{"href":"https:\/\/raizayuuk.com\/es\/wp-json\/wp\/v2\/pages"}],"about":[{"href":"https:\/\/raizayuuk.com\/es\/wp-json\/wp\/v2\/types\/page"}],"author":[{"embeddable":true,"href":"https:\/\/raizayuuk.com\/es\/wp-json\/wp\/v2\/users\/251118821"}],"replies":[{"embeddable":true,"href":"https:\/\/raizayuuk.com\/es\/wp-json\/wp\/v2\/comments?post=92"}],"version-history":[{"count":34,"href":"https:\/\/raizayuuk.com\/es\/wp-json\/wp\/v2\/pages\/92\/revisions"}],"predecessor-version":[{"id":1219,"href":"https:\/\/raizayuuk.com\/es\/wp-json\/wp\/v2\/pages\/92\/revisions\/1219"}],"wp:attachment":[{"href":"https:\/\/raizayuuk.com\/es\/wp-json\/wp\/v2\/media?parent=92"}],"curies":[{"name":"wp","href":"https:\/\/api.w.org\/{rel}","templated":true}]}}